{"id":36,"date":"2025-10-05T19:26:42","date_gmt":"2025-10-05T19:26:42","guid":{"rendered":"https:\/\/rediilecad.org\/?page_id=36"},"modified":"2025-10-21T17:41:36","modified_gmt":"2025-10-21T17:41:36","slug":"xv-congreso-ea","status":"publish","type":"page","link":"https:\/\/rediilecad.org\/index.php\/xv-congreso-ea\/","title":{"rendered":"XV CIEAS"},"content":{"rendered":"\n<p><strong>Bienvenidos, bienvenidas <\/strong><\/p>\n\n\n\n<p>A punto de iniciar nuestro <strong>XV Congreso Internacional de Educaci\u00f3n Ambiental para la Sustentabilidad 2025<\/strong>, estamos muy contentos por el gran inter\u00e9s y participaci\u00f3n que han mostrado.<\/p>\n\n\n\n<p>Para prepararnos, les compartimos informaci\u00f3n para seguramente les ser\u00e1 \u00fatil para su estancia y su asistencia al congreso.<br><strong>\u00a1Los esperamos!<\/strong><\/p>\n\n\n\n<div class=\"wp-block-buttons is-layout-flex wp-block-buttons-is-layout-flex\">\n<div class=\"wp-block-button\"><a class=\"wp-block-button__link wp-element-button\" href=\"http:\/\/rediilecad.org\/wp-content\/uploads\/2025\/08\/REDIILECAD-convocatoria-2025.pdf\">Convocatoria<\/a><\/div>\n\n\n\n<div class=\"wp-block-button\"><a class=\"wp-block-button__link wp-element-button\" href=\"https:\/\/rediilecad.org\/wp-content\/uploads\/2025\/10\/Programa-del-XV-CIEAS-2025.pdf\">Programa de actividades<\/a><\/div>\n\n\n\n<div class=\"wp-block-button\"><a class=\"wp-block-button__link wp-element-button\" href=\"https:\/\/rediilecad.org\/wp-content\/uploads\/2025\/10\/plantilla-XV-CIEAS-2025.pptx\">Plantilla para presentaci\u00f3n<\/a><\/div>\n\n\n\n<div class=\"wp-block-button\"><a class=\"wp-block-button__link wp-element-button\" href=\"http:\/\/docs.google.com\/forms\/d\/e\/1FAIpQLSfnf56qNpsilMdG0-t61t2m6wUg_bDutbB4nyNecn3FJgS00w\/viewform?usp=header\">Formato para registro de pago<\/a><\/div>\n\n\n\n<div class=\"wp-block-button\"><a class=\"wp-block-button__link wp-element-button\" href=\"https:\/\/rediilecad.org\/wp-content\/uploads\/2025\/10\/Sugerencias-de-Hoteles-.pdf\">Hoteles sugeridos <\/a><\/div>\n\n\n\n<div class=\"wp-block-button\"><a class=\"wp-block-button__link wp-element-button\" href=\"https:\/\/rediilecad.org\/wp-content\/uploads\/2025\/10\/sitios-de-interes.pdf\"> Sitios  de Inter\u00e9s <\/a><\/div>\n\n\n\n<div class=\"wp-block-button\"><a class=\"wp-block-button__link wp-element-button\" href=\"https:\/\/rediilecad.org\/index.php\/2025\/10\/09\/publicaciones-del-xv-cieas\/\">       Informaci\u00f3n para Interesados en publicar cap\u00edtulo del libro del congreso         <\/a><\/div>\n<\/div>\n\n\n\n<div class=\"wp-block-columns is-layout-flex wp-container-core-columns-is-layout-28f84493 wp-block-columns-is-layout-flex\">\n<div class=\"wp-block-column is-layout-flow wp-block-column-is-layout-flow\"><\/div>\n\n\n\n<div class=\"wp-block-column is-layout-flow wp-block-column-is-layout-flow\"><\/div>\n\n\n\n<div class=\"wp-block-column is-layout-flow wp-block-column-is-layout-flow\"><\/div>\n\n\n\n<div class=\"wp-block-column is-layout-flow wp-block-column-is-layout-flow\"><\/div>\n\n\n\n<div class=\"wp-block-column is-layout-flow wp-block-column-is-layout-flow\"><\/div>\n<\/div>\n\n\n\n<figure class=\"wp-block-image size-large\"><img loading=\"lazy\" decoding=\"async\" width=\"663\" height=\"1024\" src=\"https:\/\/rediilecad.org\/wp-content\/uploads\/2025\/08\/Rediilecad-Congreso-Web-663x1024.jpg\" alt=\"\" class=\"wp-image-786\" srcset=\"https:\/\/rediilecad.org\/wp-content\/uploads\/2025\/08\/Rediilecad-Congreso-Web-663x1024.jpg 663w, https:\/\/rediilecad.org\/wp-content\/uploads\/2025\/08\/Rediilecad-Congreso-Web-194x300.jpg 194w, https:\/\/rediilecad.org\/wp-content\/uploads\/2025\/08\/Rediilecad-Congreso-Web-768x1187.jpg 768w, https:\/\/rediilecad.org\/wp-content\/uploads\/2025\/08\/Rediilecad-Congreso-Web-994x1536.jpg 994w, https:\/\/rediilecad.org\/wp-content\/uploads\/2025\/08\/Rediilecad-Congreso-Web-1325x2048.jpg 1325w, https:\/\/rediilecad.org\/wp-content\/uploads\/2025\/08\/Rediilecad-Congreso-Web-scaled.jpg 1656w\" sizes=\"auto, (max-width: 663px) 100vw, 663px\" \/><\/figure>\n\n\n\n<p><\/p>\n\n\n\n<p><strong>Comit\u00e9 cient\u00edfico:<\/strong><\/p>\n\n\n\n<p class=\"has-small-font-size\">Dra. Mar\u00eda Luisa Montoya Rend\u00f3n, Universidad de Antioquia, Colombia.<\/p>\n\n\n\n<p class=\"has-small-font-size\">Dr. Absal\u00f3n Pierre, Universidad de Florida, Estados Unidos de Norteam\u00e9rica.<\/p>\n\n\n\n<p class=\"has-small-font-size\">Dr. Liberio Victorino Ram\u00edrez, Universidad Aut\u00f3noma Chapingo, M\u00e9xico.<\/p>\n\n\n\n<p class=\"has-small-font-size\">Dr. Jos\u00e9 Pedro Vizuet L\u00f3pez, Universidad Aut\u00f3noma del Estado de M\u00e9xico.<\/p>\n\n\n\n<p class=\"has-small-font-size\">Dra. Cristina Gonz\u00e1lez P\u00e9rez, Universidad Aut\u00f3noma del Estado de M\u00e9xico.<\/p>\n\n\n\n<p class=\"has-small-font-size\">Dra. Perla Delgadillo Solorio, Universidad Aut\u00f3noma del Estado de M\u00e9xico.<\/p>\n\n\n\n<p class=\"has-small-font-size\">Dra. Roc\u00edo \u00c1ngeles Atriano Mendieta, Universidad Pedag\u00f3gica Nacional, Unidad 153, M\u00e9xico.<\/p>\n\n\n\n<p class=\"has-small-font-size\">Dra. Mar\u00eda de los \u00c1ngeles Cienfuegos, Universidad Aut\u00f3noma del Estado de M\u00e9xico.<\/p>\n\n\n\n<p class=\"has-small-font-size\">Dra. Perla Jessica Garc\u00eda Manzano, Universidad Aut\u00f3noma del Estado de M\u00e9xico.<\/p>\n\n\n\n<p class=\"has-small-font-size\">Dr. Alejandro Salinas Castro, Universidad Veracruzana, M\u00e9xico.<\/p>\n\n\n\n<p class=\"has-small-font-size\">Dra. Yuribia Vel\u00e1zquez Galindo, Universidad Veracruzana, M\u00e9xico.<\/p>\n\n\n\n<p class=\"has-small-font-size\">Dr. Oswaldo Guzm\u00e1n L\u00f3pez, Universidad Veracruzana, M\u00e9xico.<\/p>\n\n\n\n<p class=\"has-small-font-size\">Dra. Mar\u00eda del Carmen Cuevas D\u00edaz, Universidad Veracruzana, M\u00e9xico.<\/p>\n\n\n\n<p class=\"has-small-font-size\">Dr. Fernando Naranjo Chac\u00f3n, Universidad Veracruzana, M\u00e9xico.<\/p>\n\n\n\n<p class=\"has-small-font-size\">Dra. Guadalupe Espejo Beristain, Universidad Veracruzana, M\u00e9xico.<\/p>\n\n\n\n<p class=\"has-small-font-size\">Dra. Milena del Carmen Pav\u00f3n Remes, Universidad Veracruzana, M\u00e9xico.<\/p>\n\n\n\n<p class=\"has-small-font-size\">Dr. Luis Ernesto Calixto Urquiza, Universidad Nacional Rosario Castellanos, M\u00e9xico.<\/p>\n\n\n\n<p class=\"has-small-font-size\">Dra. Concepci\u00f3n del Carmen Ahuja Aguirre, Universidad Veracruzana, M\u00e9xico.<\/p>\n\n\n\n<p class=\"has-small-font-size\">Dr. Oscar Enrique Z\u00e1rate Guevara, Universidad Veracruzana, M\u00e9xico.<\/p>\n\n\n\n<p class=\"has-small-font-size\">Dr. Rodolfo Canseco Sedano, Universidad Veracruzana, M\u00e9xico.<\/p>\n\n\n\n<p class=\"has-small-font-size\">Dr. Froylan Rosales Mart\u00ednez, Universidad Aut\u00f3noma de Chiapas, M\u00e9xico.<\/p>\n\n\n\n<p class=\"has-small-font-size\">Dr. Ernesto C\u00e1rdenas Bejarano, Universidad Aut\u00f3noma de Chiapas, M\u00e9xico.<\/p>\n\n\n\n<p class=\"has-small-font-size\">Dr. Pedro Paredes Ramos, Universidad Veracruzana, M\u00e9xico.<\/p>\n\n\n\n<p class=\"has-small-font-size\">M.C. Salvador Andrada, Universidad de la Rioja-Instituto de Reproducci\u00f3n Animal de C\u00f3rdoba, Argentina.<\/p>\n\n\n\n<p class=\"has-small-font-size\">Dr. Jos\u00e9 Roberto Bautista Aguilar, Universidad Veracruzana, M\u00e9xico.<\/p>\n\n\n\n<p class=\"has-small-font-size\">Dr. Mario Alejandro Hern\u00e1ndez Chontal, Universidad Veracruzana, M\u00e9xico.<\/p>\n\n\n\n<p class=\"has-small-font-size\">Dr. Daniel L\u00f3pez Lima, Universidad Veracruzana, M\u00e9xico.<\/p>\n\n\n\n<p class=\"has-small-font-size\">Dr. Andr\u00e9s Rivera Fern\u00e1ndez, Universidad Veracruzana, M\u00e9xico.<\/p>\n\n\n\n<p class=\"has-small-font-size\">M.C. Mar\u00eda del Carmen N\u00fa\u00f1ez Camargo, Universidad Veracruzana ,M\u00e9xico.<\/p>\n\n\n\n<p class=\"has-small-font-size\">M.E. Mar\u00eda Carolina Ceballos Bernal (CIAD \u2013Conacyt, Mazatl\u00e1n, Sinaloa, M\u00e9xico.<\/p>\n\n\n\n<p class=\"has-small-font-size\">Dr. Reinaldo Giraldo D\u00edaz. Universidad Nacional a Distancia de Colombia.<\/p>\n\n\n\n<p class=\"has-small-font-size\">M.C. Valentina Sol\u00eds Vivas, Universidad Nacional a Distancia de Colombia.<\/p>\n\n\n\n<p class=\"has-small-font-size\">M.C. Yinna Andrea Hern\u00e1ndez Maca, Universidad Nacional a Distancia de Colombia.<\/p>\n\n\n\n<p class=\"has-small-font-size\">M.C. Nancy Cabezas Burbano, Universidad Nacional a Distancia de Colombia .<\/p>\n\n\n\n<p class=\"has-small-font-size\">Dr. Fleider Leiser Pe\u00f1a Escalona. Universidad Ciego de \u00c1vila, Cuba.<\/p>\n\n\n\n<p class=\"has-small-font-size\">M.Cs. Yesenia L\u00f3pez Garc\u00eda, Universidad de Costa Rica.<\/p>\n\n\n\n<p class=\"has-small-font-size\">Dra. Patricia Delgado Monroy, Universidad Pedag\u00f3gica Nacional, Unidad 152, M\u00e9xico.<\/p>\n\n\n\n<p class=\"has-small-font-size\">Lic. Alejandra Fern\u00e1ndez \u00c1lvarez, Universidad de Costa Rica.<\/p>\n\n\n\n<p class=\"has-small-font-size\">Lic. Mar\u00eda Jos\u00e9 \u00c1lvarez Blanco, Universidad de Costa Rica.<\/p>\n\n\n\n<p class=\"has-small-font-size\">Dra. Dinorah Lissette Lima Rivera, Universidad Veracruzana, M\u00e9xico.<\/p>\n\n\n\n<p class=\"has-small-font-size\">Dra. Nadia Guadalupe S\u00e1nchez Coello, Universidad Veracruzana, M\u00e9xico.<\/p>\n\n\n\n<p class=\"has-small-font-size\">Dra. Mar\u00eda Esther D\u00edaz Mart\u00ednez, Universidad Veracruzana, M\u00e9xico.<\/p>\n\n\n\n<p class=\"has-small-font-size\">Dr. David Alarc\u00f3n Utrera, Universidad Veracruzana, M\u00e9xico.<\/p>\n\n\n\n<p class=\"has-small-font-size\">Dr. Paulo Cesar Parada Molina, Universidad Veracruzana, M\u00e9xico.<\/p>\n\n\n\n<p class=\"has-small-font-size\">Dr. Mauricio Luna Rodr\u00edguez, Universidad Veracruzana, M\u00e9xico.<\/p>\n\n\n\n<p class=\"has-small-font-size\">M.C. Carlos Jair V\u00e1zquez Gonz\u00e1lez, Universidad Veracruzana, M\u00e9xico.<\/p>\n\n\n\n<p class=\"has-small-font-size\">Dr. Israel de Jes\u00fas L\u00f3pez Prieto, Universidad Veracruzana, M\u00e9xico.<\/p>\n\n\n\n<p class=\"has-small-font-size\">Dra. \u00c1ngeles Mart\u00ednez Toledo, Universidad Aut\u00f3noma de San Luis Potosi, M\u00e9xico.<\/p>\n\n\n\n<p class=\"has-small-font-size\">Dr. Benito Hern\u00e1ndez Castellanos, Universidad Veracruzana, M\u00e9xico.<\/p>\n\n\n\n<p class=\"has-small-font-size\">Dra. Dinora V\u00e1zquez Luna, Universidad Veracruzana, M\u00e9xico.<\/p>\n\n\n\n<p class=\"has-small-font-size\">Dr. Sergio Mart\u00ednez Hern\u00e1ndez, Universidad Veracruzana, M\u00e9xico.<\/p>\n","protected":false},"excerpt":{"rendered":"<p>Bienvenidos, bienvenidas A punto de iniciar nuestro XV Congreso Internacional de Educaci\u00f3n Ambiental para la Sustentabilidad 2025, estamos muy contentos por el gran inter\u00e9s y participaci\u00f3n que han mostrado. Para prepararnos, les compartimos informaci\u00f3n para seguramente les ser\u00e1 \u00fatil para su estancia y su asistencia al congreso.\u00a1Los esperamos! Comit\u00e9 cient\u00edfico: Dra. Mar\u00eda Luisa Montoya Rend\u00f3n, [&hellip;]<\/p>\n","protected":false},"author":1,"featured_media":0,"parent":0,"menu_order":0,"comment_status":"closed","ping_status":"closed","template":"","meta":{"footnotes":""},"class_list":["post-36","page","type-page","status-publish","hentry"],"_links":{"self":[{"href":"https:\/\/rediilecad.org\/index.php\/wp-json\/wp\/v2\/pages\/36","targetHints":{"allow":["GET"]}}],"collection":[{"href":"https:\/\/rediilecad.org\/index.php\/wp-json\/wp\/v2\/pages"}],"about":[{"href":"https:\/\/rediilecad.org\/index.php\/wp-json\/wp\/v2\/types\/page"}],"author":[{"embeddable":true,"href":"https:\/\/rediilecad.org\/index.php\/wp-json\/wp\/v2\/users\/1"}],"replies":[{"embeddable":true,"href":"https:\/\/rediilecad.org\/index.php\/wp-json\/wp\/v2\/comments?post=36"}],"version-history":[{"count":37,"href":"https:\/\/rediilecad.org\/index.php\/wp-json\/wp\/v2\/pages\/36\/revisions"}],"predecessor-version":[{"id":838,"href":"https:\/\/rediilecad.org\/index.php\/wp-json\/wp\/v2\/pages\/36\/revisions\/838"}],"wp:attachment":[{"href":"https:\/\/rediilecad.org\/index.php\/wp-json\/wp\/v2\/media?parent=36"}],"curies":[{"name":"wp","href":"https:\/\/api.w.org\/{rel}","templated":true}]}}